{"id":307,"date":"2021-02-25T20:02:14","date_gmt":"2021-02-25T20:02:14","guid":{"rendered":"https:\/\/burgen-schloesser.eu\/?page_id=307"},"modified":"2021-02-25T20:03:56","modified_gmt":"2021-02-25T20:03:56","slug":"datenschutz","status":"publish","type":"page","link":"https:\/\/burgen-schloesser.eu\/index.php\/datenschutz\/","title":{"rendered":"Datenschutz"},"content":{"rendered":"<p>[et_pb_section fb_built=&#8220;1&#8243; _builder_version=&#8220;4.9.0&#8243; _module_preset=&#8220;default&#8220;][et_pb_row _builder_version=&#8220;4.9.0&#8243; _module_preset=&#8220;default&#8220;][et_pb_column type=&#8220;4_4&#8243; _builder_version=&#8220;4.9.0&#8243; _module_preset=&#8220;default&#8220;][et_pb_text _builder_version=&#8220;4.9.0&#8243; _module_preset=&#8220;default&#8220; text_font_size=&#8220;18px&#8220; text_line_height=&#8220;1.8em&#8220; header_font=&#8220;Alegreya SC||||||||&#8220; header_font_size=&#8220;40px&#8220; header_3_font=&#8220;Alegreya SC||||||||&#8220; header_3_text_color=&#8220;#a5342c&#8220; custom_margin=&#8220;||1px|||&#8220; hover_enabled=&#8220;0&#8243; header_font_size_last_edited=&#8220;on|phone&#8220; sticky_enabled=&#8220;0&#8243; header_font_size_phone=&#8220;25px&#8220;]<\/p>\n<h1 style=\"text-align: center;\">Datenschutzerkl\u00e4rung<\/h1>\n<h1 style=\"text-align: center;\"><strong><\/strong><\/h1>\n<h1 style=\"text-align: center;\"><strong><\/strong><\/h1>\n<p style=\"text-align: center;\"><em><a href=\"mailto:shop@schmid-kinderwagen.at\"><\/a><\/em><\/p>\n<p style=\"text-align: center;\">Die Adresse unserer Website ist: https:\/\/burgen-schloesser.eu<\/p>\n<p style=\"text-align: center;\"><em><strong>Rechtshinweise \/ Haftungsausschluss \/ Nutzungsbedingungen<\/strong><\/em><\/p>\n<p style=\"text-align: center;\">Diese Internet-Pr\u00e4senz wurde sorgf\u00e4ltig erarbeitet. Dennoch: Der Herausgeber \u00fcbernimmt f\u00fcr eventuelle Nachteile oder Sch\u00e4den, die aus den aufgef\u00fchrten Informationen, Empfehlungen oder Hinweisen resultieren, keine Haftung. Der Inhalt dieser Homepage ist ausschlie\u00dflich zu Informationszwecken bestimmt. Die Informationen stellen in keiner Weise einen Ersatz f\u00fcr professionelle Beratung durch Fachleute dar. F\u00fcr Sch\u00e4den oder Unannehmlichkeiten, die durch den Gebrauch oder Missbrauch dieser Informationen entstehen, kann der Herausgeber nicht \u2013 weder direkt noch indirekt \u2013 zur Verantwortung gezogen werden. Der Herausgeber \u00fcbernimmt keine Gew\u00e4hr f\u00fcr die Aktualit\u00e4t, Richtigkeit und Vollst\u00e4ndigkeit der bereitgestellten Informationen auf seiner Internet-Pr\u00e4senz. Die Haftung des Herausgebers f\u00fcr die Inhalte und Nutzung der Homepage beschr\u00e4nkt sich auf Vorsatz und grob fahrl\u00e4ssiges Verhalten. Die Autoren haften auch nicht f\u00fcr unbefugte Ver\u00e4nderungen durch Dritte (z.B. Hackangriffe etc.). Bei den angelinkten externen Seiten handelt es sich ausschlie\u00dflich um fremde, dem Herausgeber nicht zug\u00e4ngliche Inhalte. Der Herausgeber \u00fcbernimmt keine Verantwortung f\u00fcr den Inhalt der angelinkten Seiten. Es hat lediglich eine \u00dcberpr\u00fcfung der verlinkten Seiten zum Zeitpunkt der Linksetzung stattgefunden, bei der keine Anhaltspunkte f\u00fcr illegale Inhalte entdeckt wurden. Soweit Regelungen und Gesetze wiedergegeben werden, ist allein die amtliche Bekanntmachung ma\u00dfgeblich. Der Herausgeber ist bestrebt, in allen Publikationen die Urheberrechte der verwendeten Grafiken, Tondokumente, Videosequenzen und Texte zu beachten, von ihnen selbst erstellte Grafiken, Tondokumente, Videosequenzen und Texte zu nutzen oder auf lizenzfreie Grafiken, Tondokumente, Videosequenzen und Texte zur\u00fcckzugreifen. Das Copyright f\u00fcr ver\u00f6ffentlichte, von den Autoren selbst erstellte Objekte bleibt allein bei dem Herausgeber der Seiten. Eine Vervielf\u00e4ltigung oder Verwendung ist ohne seine ausdr\u00fcckliche Zustimmung nicht gestattet. Sofern innerhalb des Internetangebotes die M\u00f6glichkeit zur Eingabe pers\u00f6nlicher oder gesch\u00e4ftlicher Daten (E-Mail-Adressen, Namen, Anschriften, Telefon- und Faxnummern etc.) besteht, so erfolgt die Preisgabe dieser Daten seitens des Nutzers auf ausdr\u00fccklich freiwilliger Basis. Der Herausgeber der Internet-Pr\u00e4senz verpflichtet sich im Rahmen des Datenschutzgesetzes zur gr\u00f6\u00dftm\u00f6glichen Verschwiegenheit und wird die Daten nicht unerlaubt weitergeben. Dieser Haftungsausschluss ist als Teil des Internetangebotes zu betrachten, von dem aus auf diese Seite verwiesen wurde. Sofern Teile oder einzelne Formulierungen dieses Textes der geltenden Rechtslage nicht, nicht mehr oder nicht vollst\u00e4ndig entsprechen sollten, bleiben die \u00fcbrigen Teile des Dokumentes in ihrem Inhalt und ihrer G\u00fcltigkeit davon unber\u00fchrt.<\/p>\n<p style=\"text-align: center;\"><em><strong>Verwendung von Cookies<\/strong><\/em><\/p>\n<p style=\"text-align: center;\">Diese Website benutzt Google Analytics, einen Webanalysedienst der Google Inc. (\u201eGoogle\u201c). Google Analytics verwendet sog. \u201eCookies\u201c, Textdateien, die auf Ihrem Computer gespeichert werden und die eine Analyse der Benutzung der Website durch Sie erm\u00f6glichen. Die durch den Cookie erzeugten Informationen \u00fcber Ihre Benutzung dieser Website werden in der Regel an einen Server von Google in den USA \u00fcbertragen und dort gespeichert.\u00a0Aufgrund der aktivierten IP-Anonymisierung auf dieser Webseite wird Ihre IP-Adresse von Google jedoch innerhalb von Mitgliedstaaten der Europ\u00e4ischen Union oder in anderen Vertragsstaaten des Abkommens \u00fcber den Europ\u00e4ischen Wirtschaftsraum zuvor gek\u00fcrzt. Nur in Ausnahmef\u00e4llen wird die volle IP-Adresse an einen Server von Google in den USA \u00fcbertragen und dort gek\u00fcrzt. Im Auftrag des Betreibers dieser Website wird Google diese Informationen benutzen, um Ihre Nutzung der Website auszuwerten, um Reports \u00fcber die Websiteaktivit\u00e4ten zusammenzustellen und um weitere mit der Websitenutzung und der Internetnutzung verbundene Dienstleistungen gegen\u00fcber dem Websitebetreiber zu erbringen. Die im Rahmen von Google Analytics von Ihrem Browser \u00fcbermittelte IP-Adresse wird nicht mit anderen Daten von Google zusammengef\u00fchrt. Sie k\u00f6nnen die Speicherung der Cookies durch eine entsprechende Einstellung Ihrer Browser-Software verhindern; wir weisen Sie jedoch darauf hin, dass Sie in diesem Fall gegebenenfalls nicht s\u00e4mtliche Funktionen dieser Website vollumf\u00e4nglich werden nutzen k\u00f6nnen. Sie k\u00f6nnen dar\u00fcber hinaus die Erfassung der durch das Cookie erzeugten und auf Ihre Nutzung der Website bezogenen Daten (inkl. Ihrer IP-Adresse) an Google sowie die Verarbeitung dieser Daten durch Google verhindern, indem sie das unter dem folgenden Link verf\u00fcgbare Browser-Plugin herunterladen und installieren.\u00a0<a href=\"http:\/\/tools.google.com\/dlpage\/gaoptout?hl=de\" target=\"_blank\" rel=\"noreferrer noopener\">Link zu Google Optout<\/a><\/p>\n<p style=\"text-align: center;\">\n<p style=\"text-align: center;\"><em><strong>Haftung f\u00fcr Inhalte dieser Webseite<\/strong><\/em><\/p>\n<p style=\"text-align: center;\">Wir entwickeln die Inhalte dieser Webseite st\u00e4ndig weiter und bem\u00fchen uns korrekte und aktuelle Informationen bereitzustellen. Leider k\u00f6nnen wir keine Haftung f\u00fcr die Korrektheit aller Inhalte auf dieser Webseite \u00fcbernehmen, speziell f\u00fcr jene die seitens Dritter bereitgestellt wird. Sollten Ihnen problematische oder rechtswidrige Inhalte auffallen, bitte wir Sie uns umgehend zu kontaktieren.<\/p>\n<p style=\"text-align: center;\"><em><strong>Bildernachweis<\/strong><\/em><\/p>\n<p style=\"text-align: center;\">(c) Schloss Hallegg &#8211; Johannes Puch<br \/>(c) Schloss Welzenegg &#8211; Anke Widmann\u00a0<br \/>(c) Schloss Tentschach &#8211; Johann Jaritz<br \/>(c) Schloss Gro\u00dfkirchheim &#8211; Gro\u00dfkirchheim<\/p>\n<p>[\/et_pb_text][\/et_pb_column][\/et_pb_row][\/et_pb_section]<\/p>\n","protected":false},"excerpt":{"rendered":"<p>Datenschutzerkl\u00e4rung Die Adresse unserer Website ist: https:\/\/burgen-schloesser.eu Rechtshinweise \/ Haftungsausschluss \/ Nutzungsbedingungen Diese Internet-Pr\u00e4senz wurde sorgf\u00e4ltig erarbeitet. Dennoch: Der Herausgeber \u00fcbernimmt f\u00fcr eventuelle Nachteile oder Sch\u00e4den, die aus den aufgef\u00fchrten Informationen, Empfehlungen oder Hinweisen resultieren, keine Haftung. Der Inhalt dieser Homepage ist ausschlie\u00dflich zu Informationszwecken bestimmt. Die Informationen stellen in keiner Weise einen Ersatz f\u00fcr [&hellip;]<\/p>\n","protected":false},"author":1,"featured_media":0,"parent":0,"menu_order":0,"comment_status":"closed","ping_status":"closed","template":"","meta":{"_et_pb_use_builder":"on","_et_pb_old_content":"","_et_gb_content_width":"","footnotes":""},"class_list":["post-307","page","type-page","status-publish","hentry"],"_links":{"self":[{"href":"https:\/\/burgen-schloesser.eu\/index.php\/wp-json\/wp\/v2\/pages\/307","targetHints":{"allow":["GET"]}}],"collection":[{"href":"https:\/\/burgen-schloesser.eu\/index.php\/wp-json\/wp\/v2\/pages"}],"about":[{"href":"https:\/\/burgen-schloesser.eu\/index.php\/wp-json\/wp\/v2\/types\/page"}],"author":[{"embeddable":true,"href":"https:\/\/burgen-schloesser.eu\/index.php\/wp-json\/wp\/v2\/users\/1"}],"replies":[{"embeddable":true,"href":"https:\/\/burgen-schloesser.eu\/index.php\/wp-json\/wp\/v2\/comments?post=307"}],"version-history":[{"count":3,"href":"https:\/\/burgen-schloesser.eu\/index.php\/wp-json\/wp\/v2\/pages\/307\/revisions"}],"predecessor-version":[{"id":327,"href":"https:\/\/burgen-schloesser.eu\/index.php\/wp-json\/wp\/v2\/pages\/307\/revisions\/327"}],"wp:attachment":[{"href":"https:\/\/burgen-schloesser.eu\/index.php\/wp-json\/wp\/v2\/media?parent=307"}],"curies":[{"name":"wp","href":"https:\/\/api.w.org\/{rel}","templated":true}]}}